{"id":4420,"date":"2016-11-26T15:39:40","date_gmt":"2016-11-26T13:39:40","guid":{"rendered":"https:\/\/www.lodvila.lt\/contacts\/"},"modified":"2026-04-15T23:31:54","modified_gmt":"2026-04-15T20:31:54","slug":"contacts","status":"publish","type":"page","link":"https:\/\/lodvila.lt\/en\/contacts\/","title":{"rendered":"Contacts"},"content":{"rendered":"<div class=\"wpb-content-wrapper\"><p>[vc_row rt_row_background_width=&#8221;fullwidth&#8221; rt_row_content_width=&#8221;default&#8221; rt_row_style=&#8221;default-style&#8221; rt_row_height=&#8221;&#8221; rt_column_view=&#8221;equal_heights&#8221; rt_column_gaps=&#8221;top&#8221; rt_row_shadows=&#8221;&#8221; rt_row_paddings=&#8221;true&#8221; rt_row_borders=&#8221;&#8221; rt_bg_effect=&#8221;classic&#8221; rt_transparent_bg=&#8221;true&#8221; rt_bg_image_repeat=&#8221;repeat&#8221; rt_bg_size=&#8221;cover&#8221; rt_bg_position=&#8221;right top&#8221; rt_bg_attachment=&#8221;scroll&#8221; rt_bg_layer=&#8221;custom&#8221; rt_bg_v_align=&#8221;top&#8221; rt_bg_h_align=&#8221;left&#8221; rt_bg_video_format=&#8221;self-hosted&#8221; rt_layer_color=&#8221;rgba(255,255,255,0.01)&#8221; rt_padding_bottom=&#8221;20px&#8221; rt_margin_bottom=&#8221;80&#8243; rt_bg_custom_height=&#8221;100&#8243;][vc_column width=&#8221;1\/3&#8243; rt_col_paddings=&#8221;true&#8221; rt_wrp_col_paddings=&#8221;false&#8221; rt_column_shadow=&#8221;&#8221; rt_border_top=&#8221;&#8221; rt_border_bottom=&#8221;&#8221; rt_border_left=&#8221;&#8221; rt_border_right=&#8221;&#8221; rt_border_top_mobile=&#8221;&#8221; rt_border_bottom_mobile=&#8221;&#8221; rt_border_left_mobile=&#8221;&#8221; rt_border_right_mobile=&#8221;&#8221; rt_bg_image_repeat=&#8221;repeat&#8221; rt_bg_size=&#8221;auto auto&#8221; rt_bg_position=&#8221;right top&#8221; rt_bg_attachment=&#8221;scroll&#8221; rt_bg_color=&#8221;#ffffff&#8221; rt_bg_overlay_color=&#8221;&#8221; rt_padding_top=&#8221;40&#8243; rt_padding_bottom=&#8221;40&#8243; rt_padding_left=&#8221;40&#8243; rt_padding_right=&#8221;40&#8243;]<div class=\"rt_heading_wrapper\">\n\t\t\t\t\t\t<h5 class=\"rt_heading\"  style=\"margin-bottom:60px;padding-bottom:0px;\">Our contacts<\/h5>\n\t\t\t\t\t<\/div>[vc_separator style=&#8221;style-4&#8243; margin_top=&#8221;20&#8243; margin_bottom=&#8221;30&#8243; border_width=&#8221;2px&#8221;]\t \n\t\t<div  class=\"with_icons style-4 \">\n\t\t\t \n\t\t<div  >\n\t\t<span class=\"icon-mail icon\"><\/span><div class=\"list-content\"><p><a href=\"mailto:lodvila@lodvila.lt\">lodvila@lodvila.lt<\/a><\/p>\n<\/div>\n\t\t<\/div>\n\t\t \n\t\t<div  >\n\t\t<span class=\"icon-ava-phone1 icon\"><\/span><div class=\"list-content\"><p><a href=\"tel:+3705%202790097\">+3705 2790097<\/a><\/p>\n<\/div>\n\t\t<\/div>\n\t\t \n\t\t<div  >\n\t\t<span class=\"icon-ava-location icon\"><\/span><div class=\"list-content\"><p>Draugyst\u0117s g. 24, Val\u010di\u016bn\u0173 k.,<br \/>\nLT-13220 Vilniaus r.<\/p>\n<\/div>\n\t\t<\/div>\n\t\n\t\t<\/div>\n\t[vc_column_text]UAB \u201cLodvila\u201d is committed to operating transparently and responsibly, and therefore encourages reporting any cases of possible direct or indirect corrupt activity. Reports may be submitted anonymously by completing the inquiry form on our website at <a class=\"x1i10hfl xjbqb8w x1ejq31n x18oe1m7 x1sy0etr xstzfhl x972fbf x10w94by x1qhh985 x14e42zd x9f619 x1ypdohk xt0psk2 xe8uvvx xdj266r x14z9mp xat24cr x1lziwak xexx8yu xyri2b x18d9i69 x1c1uobl x16tdsg8 xggy1nq x1a2a7pz x1s688f x1heor9g x1bvjpef xujl8zx\" tabindex=\"-1\" role=\"link\" href=\"http:\/\/www.lodvila.lt\/kontaktai\" target=\"_blank\" rel=\"noreferrer noopener nofollow\">www.lodvila.lt\/en\/contacts\/<\/a> without providing contact details. You may also contact department managers or senior management directly. All reports are recorded in the incident register and forwarded to the responsible persons for review. We ensure the anonymity of whistleblowers and, if necessary, provide safe conditions for their protection during the investigation. [\/vc_column_text][\/vc_column][vc_column width=&#8221;2\/3&#8243; rt_col_paddings=&#8221;true&#8221; rt_wrp_col_paddings=&#8221;false&#8221; rt_column_shadow=&#8221;&#8221; rt_border_top=&#8221;&#8221; rt_border_bottom=&#8221;&#8221; rt_border_left=&#8221;&#8221; rt_border_right=&#8221;&#8221; rt_border_top_mobile=&#8221;&#8221; rt_border_bottom_mobile=&#8221;&#8221; rt_border_left_mobile=&#8221;&#8221; rt_border_right_mobile=&#8221;&#8221; rt_bg_image_repeat=&#8221;repeat&#8221; rt_bg_size=&#8221;auto auto&#8221; rt_bg_position=&#8221;right top&#8221; rt_bg_attachment=&#8221;scroll&#8221; rt_bg_color=&#8221;#ffffff&#8221; rt_bg_overlay_color=&#8221;&#8221; rt_padding_top=&#8221;40&#8243; rt_padding_bottom=&#8221;40&#8243; rt_padding_left=&#8221;40&#8243; rt_padding_right=&#8221;40&#8243;]<div class=\"rt_heading_wrapper\">\n\t\t\t\t\t\t<h5 class=\"rt_heading\"  style=\"margin-bottom:60px;padding-bottom:0px;\">PLEASE FILL IN THE FORM AND WE WILL CONTACT YOU<\/h5>\n\t\t\t\t\t<\/div>[vc_column_text]<\/p>\n<p style=\"font-size: 12px;\">*If your message is anonymous, no name or e-mail is required. You may not provide your email address.<\/p>\n<p>[\/vc_column_text][vc_column_text css=&#8221;&#8221;]\n<div class=\"wpcf7 no-js\" id=\"wpcf7-f4427-o1\" lang=\"lt-LT\" dir=\"ltr\" data-wpcf7-id=\"4427\">\n<div class=\"screen-reader-response\"><p role=\"status\" aria-live=\"polite\" aria-atomic=\"true\"><\/p> <ul><\/ul><\/div>\n<form action=\"\/en\/wp-json\/wp\/v2\/pages\/4420#wpcf7-f4427-o1\" method=\"post\" class=\"wpcf7-form init\" aria-label=\"Kontakt\u0173 forma\" novalidate=\"novalidate\" data-status=\"init\">\n<fieldset class=\"hidden-fields-container\"><input type=\"hidden\" name=\"_wpcf7\" value=\"4427\" \/><input type=\"hidden\" name=\"_wpcf7_version\" value=\"6.1.5\" \/><input type=\"hidden\" name=\"_wpcf7_locale\" value=\"lt_LT\" \/><input type=\"hidden\" name=\"_wpcf7_unit_tag\" value=\"wpcf7-f4427-o1\" \/><input type=\"hidden\" name=\"_wpcf7_container_post\" value=\"0\" \/><input type=\"hidden\" name=\"_wpcf7_posted_data_hash\" value=\"\" \/><input type=\"hidden\" name=\"_wpcf7_recaptcha_response\" value=\"\" \/>\n<\/fieldset>\n<p><span class=\"wpcf7-form-control-wrap\" data-name=\"your-name\"><input size=\"40\" maxlength=\"400\" class=\"wpcf7-form-control wpcf7-text\" aria-invalid=\"false\" placeholder=\"Your name\" value=\"\" type=\"text\" name=\"your-name\" \/><\/span>\n<\/p>\n<p><span class=\"wpcf7-form-control-wrap\" data-name=\"your-email\"><input size=\"40\" maxlength=\"400\" class=\"wpcf7-form-control wpcf7-email wpcf7-text wpcf7-validates-as-email\" aria-invalid=\"false\" placeholder=\"Your e-mail\" value=\"\" type=\"email\" name=\"your-email\" \/><\/span>\n<\/p>\n<p><span class=\"wpcf7-form-control-wrap\" data-name=\"your-message\"><textarea cols=\"40\" rows=\"10\" maxlength=\"2000\" class=\"wpcf7-form-control wpcf7-textarea\" aria-invalid=\"false\" placeholder=\"Your message\" name=\"your-message\"><\/textarea><\/span>\n<\/p>\n<p><input class=\"wpcf7-form-control wpcf7-submit has-spinner\" type=\"submit\" value=\"Send\" \/>\n<\/p><div class=\"wpcf7-response-output\" aria-hidden=\"true\"><\/div>\n<\/form>\n<\/div>\n[\/vc_column_text][\/vc_column][\/vc_row][vc_row rt_row_background_width=&#8221;fullwidth&#8221; rt_row_content_width=&#8221;fullwidth&#8221; rt_row_style=&#8221;default-style&#8221; rt_row_height=&#8221;&#8221; rt_column_gaps=&#8221;&#8221; rt_row_shadows=&#8221;&#8221; rt_row_paddings=&#8221;false&#8221; rt_row_borders=&#8221;&#8221; rt_bg_effect=&#8221;classic&#8221; rt_transparent_bg=&#8221;false&#8221; rt_bg_image_repeat=&#8221;repeat&#8221; rt_bg_size=&#8221;cover&#8221; rt_bg_position=&#8221;right top&#8221; rt_bg_attachment=&#8221;scroll&#8221; rt_bg_layer=&#8221;&#8221; rt_bg_video_format=&#8221;self-hosted&#8221;][vc_column rt_col_paddings=&#8221;false&#8221; rt_wrp_col_paddings=&#8221;false&#8221; rt_column_shadow=&#8221;&#8221; rt_border_top=&#8221;&#8221; rt_border_bottom=&#8221;&#8221; rt_border_left=&#8221;&#8221; rt_border_right=&#8221;&#8221; rt_border_top_mobile=&#8221;&#8221; rt_border_bottom_mobile=&#8221;&#8221; rt_border_left_mobile=&#8221;&#8221; rt_border_right_mobile=&#8221;&#8221; rt_bg_image_repeat=&#8221;repeat&#8221; rt_bg_size=&#8221;auto auto&#8221; rt_bg_position=&#8221;right top&#8221; rt_bg_attachment=&#8221;scroll&#8221; rt_bg_color=&#8221;&#8221; rt_bg_overlay_color=&#8221;&#8221;][vc_column_text]<iframe loading=\"lazy\" style=\"border: 0;\" src=\"https:\/\/www.google.com\/maps\/embed?pb=!1m18!1m12!1m3!1d2313.4782239933465!2d25.26779075171618!3d54.56032289068991!2m3!1f0!2f0!3f0!3m2!1i1024!2i768!4f13.1!3m3!1m2!1s0x46ddeb6c9147dfb3%3A0x432f9b4f92d11d18!2sUAB%20LODVILA!5e0!3m2!1slt!2slt!4v1654114312405!5m2!1slt!2slt\" width=\"100%\" height=\"450\" allowfullscreen=\"allowfullscreen\"><\/iframe>[\/vc_column_text][\/vc_column][\/vc_row]<\/p>\n<\/div>","protected":false},"excerpt":{"rendered":"<p>[vc_row rt_row_background_width=&#8221;fullwidth&#8221; rt_row_content_width=&#8221;default&#8221; rt_row_style=&#8221;default-style&#8221; rt_row_height=&#8221;&#8221; rt_column_view=&#8221;equal_heights&#8221; rt_column_gaps=&#8221;top&#8221; rt_row_shadows=&#8221;&#8221; rt_row_paddings=&#8221;true&#8221; rt_row_borders=&#8221;&#8221; rt_bg_effect=&#8221;classic&#8221; rt_transparent_bg=&#8221;true&#8221; rt_bg_image_repeat=&#8221;repeat&#8221; rt_bg_size=&#8221;cover&#8221; rt_bg_position=&#8221;right top&#8221; rt_bg_attachment=&#8221;scroll&#8221; rt_bg_layer=&#8221;custom&#8221; rt_bg_v_align=&#8221;top&#8221; rt_bg_h_align=&#8221;left&#8221; rt_bg_video_format=&#8221;self-hosted&#8221; rt_layer_color=&#8221;rgba(255,255,255,0.01)&#8221; rt_padding_bottom=&#8221;20px&#8221; rt_margin_bottom=&#8221;80&#8243; rt_bg_custom_height=&#8221;100&#8243;][vc_column width=&#8221;1\/3&#8243; rt_col_paddings=&#8221;true&#8221; rt_wrp_col_paddings=&#8221;false&#8221; rt_column_shadow=&#8221;&#8221; rt_border_top=&#8221;&#8221; rt_border_bottom=&#8221;&#8221; rt_border_left=&#8221;&#8221; rt_border_right=&#8221;&#8221; rt_border_top_mobile=&#8221;&#8221; rt_border_bottom_mobile=&#8221;&#8221; rt_border_left_mobile=&#8221;&#8221; rt_border_right_mobile=&#8221;&#8221; rt_bg_image_repeat=&#8221;repeat&#8221; rt_bg_size=&#8221;auto auto&#8221; rt_bg_position=&#8221;right top&#8221; rt_bg_attachment=&#8221;scroll&#8221; rt_bg_color=&#8221;#ffffff&#8221; rt_bg_overlay_color=&#8221;&#8221; rt_padding_top=&#8221;40&#8243; rt_padding_bottom=&#8221;40&#8243; rt_padding_left=&#8221;40&#8243; rt_padding_right=&#8221;40&#8243;][vc_separator style=&#8221;style-4&#8243; margin_top=&#8221;20&#8243; margin_bottom=&#8221;30&#8243; border_width=&#8221;2px&#8221;][vc_column_text]UAB \u201cLodvila\u201d is [&hellip;]<\/p>\n","protected":false},"author":1,"featured_media":0,"parent":0,"menu_order":0,"comment_status":"closed","ping_status":"closed","template":"","meta":{"footnotes":""},"class_list":["post-4420","page","type-page","status-publish","hentry"],"yoast_head":"<!-- This site is optimized with the Yoast SEO plugin v27.5 - https:\/\/yoast.com\/product\/yoast-seo-wordpress\/ -->\n<title>Contacts - LODVILA<\/title>\n<meta name=\"robots\" content=\"index, follow, max-snippet:-1, max-image-preview:large, max-video-preview:-1\" \/>\n<link rel=\"canonical\" href=\"https:\/\/lodvila.lt\/en\/contacts\/\" \/>\n<meta property=\"og:locale\" content=\"en_US\" \/>\n<meta property=\"og:type\" content=\"article\" \/>\n<meta property=\"og:title\" content=\"Contacts - LODVILA\" \/>\n<meta property=\"og:description\" content=\"[vc_row rt_row_background_width=&#8221;fullwidth&#8221; rt_row_content_width=&#8221;default&#8221; rt_row_style=&#8221;default-style&#8221; rt_row_height=&#8221;&#8221; rt_column_view=&#8221;equal_heights&#8221; rt_column_gaps=&#8221;top&#8221; rt_row_shadows=&#8221;&#8221; rt_row_paddings=&#8221;true&#8221; rt_row_borders=&#8221;&#8221; rt_bg_effect=&#8221;classic&#8221; rt_transparent_bg=&#8221;true&#8221; rt_bg_image_repeat=&#8221;repeat&#8221; rt_bg_size=&#8221;cover&#8221; rt_bg_position=&#8221;right top&#8221; rt_bg_attachment=&#8221;scroll&#8221; rt_bg_layer=&#8221;custom&#8221; rt_bg_v_align=&#8221;top&#8221; rt_bg_h_align=&#8221;left&#8221; rt_bg_video_format=&#8221;self-hosted&#8221; rt_layer_color=&#8221;rgba(255,255,255,0.01)&#8221; rt_padding_bottom=&#8221;20px&#8221; rt_margin_bottom=&#8221;80&#8243; rt_bg_custom_height=&#8221;100&#8243;][vc_column width=&#8221;1\/3&#8243; rt_col_paddings=&#8221;true&#8221; rt_wrp_col_paddings=&#8221;false&#8221; rt_column_shadow=&#8221;&#8221; rt_border_top=&#8221;&#8221; rt_border_bottom=&#8221;&#8221; rt_border_left=&#8221;&#8221; rt_border_right=&#8221;&#8221; rt_border_top_mobile=&#8221;&#8221; rt_border_bottom_mobile=&#8221;&#8221; rt_border_left_mobile=&#8221;&#8221; rt_border_right_mobile=&#8221;&#8221; rt_bg_image_repeat=&#8221;repeat&#8221; rt_bg_size=&#8221;auto auto&#8221; rt_bg_position=&#8221;right top&#8221; rt_bg_attachment=&#8221;scroll&#8221; rt_bg_color=&#8221;#ffffff&#8221; rt_bg_overlay_color=&#8221;&#8221; rt_padding_top=&#8221;40&#8243; rt_padding_bottom=&#8221;40&#8243; rt_padding_left=&#8221;40&#8243; rt_padding_right=&#8221;40&#8243;][vc_separator style=&#8221;style-4&#8243; margin_top=&#8221;20&#8243; margin_bottom=&#8221;30&#8243; border_width=&#8221;2px&#8221;][vc_column_text]UAB \u201cLodvila\u201d is [&hellip;]\" \/>\n<meta property=\"og:url\" content=\"https:\/\/lodvila.lt\/en\/contacts\/\" \/>\n<meta property=\"og:site_name\" content=\"LODVILA\" \/>\n<meta property=\"article:modified_time\" content=\"2026-04-15T20:31:54+00:00\" \/>\n<meta name=\"twitter:card\" content=\"summary_large_image\" \/>\n<meta name=\"twitter:label1\" content=\"Est. reading time\" \/>\n\t<meta name=\"twitter:data1\" content=\"3 minutes\" \/>\n<script type=\"application\/ld+json\" class=\"yoast-schema-graph\">{\"@context\":\"https:\\\/\\\/schema.org\",\"@graph\":[{\"@type\":\"WebPage\",\"@id\":\"https:\\\/\\\/lodvila.lt\\\/en\\\/contacts\\\/\",\"url\":\"https:\\\/\\\/lodvila.lt\\\/en\\\/contacts\\\/\",\"name\":\"Contacts - LODVILA\",\"isPartOf\":{\"@id\":\"https:\\\/\\\/lodvila.lt\\\/#website\"},\"datePublished\":\"2016-11-26T13:39:40+00:00\",\"dateModified\":\"2026-04-15T20:31:54+00:00\",\"breadcrumb\":{\"@id\":\"https:\\\/\\\/lodvila.lt\\\/en\\\/contacts\\\/#breadcrumb\"},\"inLanguage\":\"en-US\",\"potentialAction\":[{\"@type\":\"ReadAction\",\"target\":[\"https:\\\/\\\/lodvila.lt\\\/en\\\/contacts\\\/\"]}]},{\"@type\":\"BreadcrumbList\",\"@id\":\"https:\\\/\\\/lodvila.lt\\\/en\\\/contacts\\\/#breadcrumb\",\"itemListElement\":[{\"@type\":\"ListItem\",\"position\":1,\"name\":\"Home\",\"item\":\"https:\\\/\\\/lodvila.lt\\\/en\\\/homie\\\/\"},{\"@type\":\"ListItem\",\"position\":2,\"name\":\"Contacts\"}]},{\"@type\":\"WebSite\",\"@id\":\"https:\\\/\\\/lodvila.lt\\\/#website\",\"url\":\"https:\\\/\\\/lodvila.lt\\\/\",\"name\":\"LODVILA\",\"description\":\"25+ metus esame Baltijos \u0161ali\u0173 saugios spaudos lyderi\u0173 gretose. Pasitelkdami pa\u017eangiausias technologijas ir patyrusi\u0173 specialist\u0173 komand\u0105 gaminame auk\u0161\u010diausiu tarptautiniu lygiu apsaugotus dokumentus.\",\"publisher\":{\"@id\":\"https:\\\/\\\/lodvila.lt\\\/#organization\"},\"potentialAction\":[{\"@type\":\"SearchAction\",\"target\":{\"@type\":\"EntryPoint\",\"urlTemplate\":\"https:\\\/\\\/lodvila.lt\\\/?s={search_term_string}\"},\"query-input\":{\"@type\":\"PropertyValueSpecification\",\"valueRequired\":true,\"valueName\":\"search_term_string\"}}],\"inLanguage\":\"en-US\"},{\"@type\":\"Organization\",\"@id\":\"https:\\\/\\\/lodvila.lt\\\/#organization\",\"name\":\"LODVILA\",\"url\":\"https:\\\/\\\/lodvila.lt\\\/\",\"logo\":{\"@type\":\"ImageObject\",\"inLanguage\":\"en-US\",\"@id\":\"https:\\\/\\\/lodvila.lt\\\/#\\\/schema\\\/logo\\\/image\\\/\",\"url\":\"https:\\\/\\\/lodvila.lt\\\/wp-content\\\/uploads\\\/2022\\\/06\\\/LODVILA_logo-pilkas-01.jpg\",\"contentUrl\":\"https:\\\/\\\/lodvila.lt\\\/wp-content\\\/uploads\\\/2022\\\/06\\\/LODVILA_logo-pilkas-01.jpg\",\"width\":540,\"height\":541,\"caption\":\"LODVILA\"},\"image\":{\"@id\":\"https:\\\/\\\/lodvila.lt\\\/#\\\/schema\\\/logo\\\/image\\\/\"}}]}<\/script>\n<!-- \/ Yoast SEO plugin. -->","yoast_head_json":{"title":"Contacts - LODVILA","robots":{"index":"index","follow":"follow","max-snippet":"max-snippet:-1","max-image-preview":"max-image-preview:large","max-video-preview":"max-video-preview:-1"},"canonical":"https:\/\/lodvila.lt\/en\/contacts\/","og_locale":"en_US","og_type":"article","og_title":"Contacts - LODVILA","og_description":"[vc_row rt_row_background_width=&#8221;fullwidth&#8221; rt_row_content_width=&#8221;default&#8221; rt_row_style=&#8221;default-style&#8221; rt_row_height=&#8221;&#8221; rt_column_view=&#8221;equal_heights&#8221; rt_column_gaps=&#8221;top&#8221; rt_row_shadows=&#8221;&#8221; rt_row_paddings=&#8221;true&#8221; rt_row_borders=&#8221;&#8221; rt_bg_effect=&#8221;classic&#8221; rt_transparent_bg=&#8221;true&#8221; rt_bg_image_repeat=&#8221;repeat&#8221; rt_bg_size=&#8221;cover&#8221; rt_bg_position=&#8221;right top&#8221; rt_bg_attachment=&#8221;scroll&#8221; rt_bg_layer=&#8221;custom&#8221; rt_bg_v_align=&#8221;top&#8221; rt_bg_h_align=&#8221;left&#8221; rt_bg_video_format=&#8221;self-hosted&#8221; rt_layer_color=&#8221;rgba(255,255,255,0.01)&#8221; rt_padding_bottom=&#8221;20px&#8221; rt_margin_bottom=&#8221;80&#8243; rt_bg_custom_height=&#8221;100&#8243;][vc_column width=&#8221;1\/3&#8243; rt_col_paddings=&#8221;true&#8221; rt_wrp_col_paddings=&#8221;false&#8221; rt_column_shadow=&#8221;&#8221; rt_border_top=&#8221;&#8221; rt_border_bottom=&#8221;&#8221; rt_border_left=&#8221;&#8221; rt_border_right=&#8221;&#8221; rt_border_top_mobile=&#8221;&#8221; rt_border_bottom_mobile=&#8221;&#8221; rt_border_left_mobile=&#8221;&#8221; rt_border_right_mobile=&#8221;&#8221; rt_bg_image_repeat=&#8221;repeat&#8221; rt_bg_size=&#8221;auto auto&#8221; rt_bg_position=&#8221;right top&#8221; rt_bg_attachment=&#8221;scroll&#8221; rt_bg_color=&#8221;#ffffff&#8221; rt_bg_overlay_color=&#8221;&#8221; rt_padding_top=&#8221;40&#8243; rt_padding_bottom=&#8221;40&#8243; rt_padding_left=&#8221;40&#8243; rt_padding_right=&#8221;40&#8243;][vc_separator style=&#8221;style-4&#8243; margin_top=&#8221;20&#8243; margin_bottom=&#8221;30&#8243; border_width=&#8221;2px&#8221;][vc_column_text]UAB \u201cLodvila\u201d is [&hellip;]","og_url":"https:\/\/lodvila.lt\/en\/contacts\/","og_site_name":"LODVILA","article_modified_time":"2026-04-15T20:31:54+00:00","twitter_card":"summary_large_image","twitter_misc":{"Est. reading time":"3 minutes"},"schema":{"@context":"https:\/\/schema.org","@graph":[{"@type":"WebPage","@id":"https:\/\/lodvila.lt\/en\/contacts\/","url":"https:\/\/lodvila.lt\/en\/contacts\/","name":"Contacts - LODVILA","isPartOf":{"@id":"https:\/\/lodvila.lt\/#website"},"datePublished":"2016-11-26T13:39:40+00:00","dateModified":"2026-04-15T20:31:54+00:00","breadcrumb":{"@id":"https:\/\/lodvila.lt\/en\/contacts\/#breadcrumb"},"inLanguage":"en-US","potentialAction":[{"@type":"ReadAction","target":["https:\/\/lodvila.lt\/en\/contacts\/"]}]},{"@type":"BreadcrumbList","@id":"https:\/\/lodvila.lt\/en\/contacts\/#breadcrumb","itemListElement":[{"@type":"ListItem","position":1,"name":"Home","item":"https:\/\/lodvila.lt\/en\/homie\/"},{"@type":"ListItem","position":2,"name":"Contacts"}]},{"@type":"WebSite","@id":"https:\/\/lodvila.lt\/#website","url":"https:\/\/lodvila.lt\/","name":"LODVILA","description":"25+ metus esame Baltijos \u0161ali\u0173 saugios spaudos lyderi\u0173 gretose. Pasitelkdami pa\u017eangiausias technologijas ir patyrusi\u0173 specialist\u0173 komand\u0105 gaminame auk\u0161\u010diausiu tarptautiniu lygiu apsaugotus dokumentus.","publisher":{"@id":"https:\/\/lodvila.lt\/#organization"},"potentialAction":[{"@type":"SearchAction","target":{"@type":"EntryPoint","urlTemplate":"https:\/\/lodvila.lt\/?s={search_term_string}"},"query-input":{"@type":"PropertyValueSpecification","valueRequired":true,"valueName":"search_term_string"}}],"inLanguage":"en-US"},{"@type":"Organization","@id":"https:\/\/lodvila.lt\/#organization","name":"LODVILA","url":"https:\/\/lodvila.lt\/","logo":{"@type":"ImageObject","inLanguage":"en-US","@id":"https:\/\/lodvila.lt\/#\/schema\/logo\/image\/","url":"https:\/\/lodvila.lt\/wp-content\/uploads\/2022\/06\/LODVILA_logo-pilkas-01.jpg","contentUrl":"https:\/\/lodvila.lt\/wp-content\/uploads\/2022\/06\/LODVILA_logo-pilkas-01.jpg","width":540,"height":541,"caption":"LODVILA"},"image":{"@id":"https:\/\/lodvila.lt\/#\/schema\/logo\/image\/"}}]}},"_links":{"self":[{"href":"https:\/\/lodvila.lt\/en\/wp-json\/wp\/v2\/pages\/4420","targetHints":{"allow":["GET"]}}],"collection":[{"href":"https:\/\/lodvila.lt\/en\/wp-json\/wp\/v2\/pages"}],"about":[{"href":"https:\/\/lodvila.lt\/en\/wp-json\/wp\/v2\/types\/page"}],"author":[{"embeddable":true,"href":"https:\/\/lodvila.lt\/en\/wp-json\/wp\/v2\/users\/1"}],"replies":[{"embeddable":true,"href":"https:\/\/lodvila.lt\/en\/wp-json\/wp\/v2\/comments?post=4420"}],"version-history":[{"count":5,"href":"https:\/\/lodvila.lt\/en\/wp-json\/wp\/v2\/pages\/4420\/revisions"}],"predecessor-version":[{"id":7114,"href":"https:\/\/lodvila.lt\/en\/wp-json\/wp\/v2\/pages\/4420\/revisions\/7114"}],"wp:attachment":[{"href":"https:\/\/lodvila.lt\/en\/wp-json\/wp\/v2\/media?parent=4420"}],"curies":[{"name":"wp","href":"https:\/\/api.w.org\/{rel}","templated":true}]}}