{"id":4391,"date":"2016-11-15T03:08:14","date_gmt":"2016-11-15T01:08:14","guid":{"rendered":"https:\/\/www.lodvila.lt\/operation-permits-and-certificates\/"},"modified":"2025-08-12T17:30:26","modified_gmt":"2025-08-12T14:30:26","slug":"operation-permits-and-certificates","status":"publish","type":"page","link":"https:\/\/lodvila.lt\/en\/operation-permits-and-certificates\/","title":{"rendered":"Operation Permits and Certificates"},"content":{"rendered":"<div class=\"wpb-content-wrapper\"><p>[vc_row rt_row_background_width=&#8221;fullwidth&#8221; rt_row_content_width=&#8221;default&#8221; rt_row_style=&#8221;light-style&#8221; rt_row_height=&#8221;&#8221; rt_column_gaps=&#8221;&#8221; rt_row_shadows=&#8221;&#8221; rt_row_paddings=&#8221;true&#8221; rt_row_borders=&#8221;&#8221; rt_bg_effect=&#8221;slider&#8221; rt_transparent_bg=&#8221;false&#8221; rt_bg_image_repeat=&#8221;repeat&#8221; rt_bg_size=&#8221;cover&#8221; rt_bg_position=&#8221;right top&#8221; rt_bg_layer=&#8221;&#8221; rt_bg_video_format=&#8221;self-hosted&#8221; rt_padding_top=&#8221;120&#8243; rt_padding_bottom=&#8221;100&#8243; rt_bg_color=&#8221;rgba(0,0,0,0.01)&#8221;][vc_column rt_col_paddings=&#8221;true&#8221; rt_wrp_col_paddings=&#8221;false&#8221; rt_column_shadow=&#8221;&#8221; rt_border_top=&#8221;&#8221; rt_border_bottom=&#8221;&#8221; rt_border_left=&#8221;&#8221; rt_border_right=&#8221;&#8221; rt_border_top_mobile=&#8221;&#8221; rt_border_bottom_mobile=&#8221;&#8221; rt_border_left_mobile=&#8221;&#8221; rt_border_right_mobile=&#8221;&#8221; rt_bg_image_repeat=&#8221;repeat&#8221; rt_bg_size=&#8221;auto auto&#8221; rt_bg_position=&#8221;right top&#8221; rt_bg_attachment=&#8221;scroll&#8221;][vc_single_image image=&#8221;7011&#8243; img_size=&#8221;full&#8221; alignment=&#8221;center&#8221;][vc_column_text el_class=&#8221;white-text&#8221;]We foster our compliance with the highest security and data protection standards in a responsible manner. We inspect the security of the premises, the reliability of the employees, the quality of the production and the level of protection in the production premises regularly.<\/p>\n<p>[\/vc_column_text][vc_empty_space]<div class=\"rt_heading_wrapper\">\n\t\t\t\t\t\t<h5 class=\"rt_heading\"  style=\"color:#0a0a0a;margin-bottom:40px;\">Systems installed according to the ISO standards<\/h5>\n\t\t\t\t\t<\/div>[vc_column_text el_class=&#8221;white-text&#8221;]<\/p>\n<ul>\n<li>Quality management system according to the ISO 9001 requirements<\/li>\n<li>Environmental protection management system according to the ISO 14001 requirements<\/li>\n<li>Information security management system according to the ISO 27001 requirements<\/li>\n<li>Secure printing management system according to the ISO 14298 requirements<\/li>\n<li>Anti-corruption management system according to the ISO 37001 requirements<\/li>\n<\/ul>\n<p>[\/vc_column_text][vc_empty_space]<div class=\"rt_heading_wrapper\">\n\t\t\t\t\t\t<h5 class=\"rt_heading\"  style=\"color:#0a0a0a;margin-bottom:40px;\">Permits granted in the Republic of Lithuania<\/h5>\n\t\t\t\t\t<\/div>[vc_column_text]<\/p>\n<ul style=\"color: black;\">\n<li>License of the Service of Technological Security of State Documents under the Ministry of Finance of the Republic of Lithuania to produce secure documents and secure document forms<\/li>\n<li>Permits from the Department of State Security of the Republic of Lithuania and the Ministry of National Defence of the Republic of Lithuania to carry out activities related to highly classified information<\/li>\n<li>Confirmation of the State Border Guard Service of the Republic of Lithuania that the premises of the printing house are adequately protected for the production of secure documents<\/li>\n<\/ul>\n<p>[\/vc_column_text]<div class=\"rt_heading_wrapper\">\n\t\t\t\t\t\t<h5 class=\"rt_heading\"  style=\"color:#0a0a0a;\">Additional safety measures<\/h5>\n\t\t\t\t\t<\/div>[vc_column_text]<\/p>\n<ul style=\"color: black;\">\n<li>The territory of the printing house is protected by a physical and optical barrier.<\/li>\n<li>The premises are equipped with an advanced video surveillance and access control system.<\/li>\n<li>The printing house is guarded around the clock by armed security personnel.<\/li>\n<li>The advanced multi-layer IT protection installed ensures comprehensive information security.<\/li>\n<li>Logistics services are provided by a collection company.<\/li>\n<\/ul>\n<p>[\/vc_column_text][\/vc_column][\/vc_row]<\/p>\n<\/div>","protected":false},"excerpt":{"rendered":"<p>[vc_row rt_row_background_width=&#8221;fullwidth&#8221; rt_row_content_width=&#8221;default&#8221; rt_row_style=&#8221;light-style&#8221; rt_row_height=&#8221;&#8221; rt_column_gaps=&#8221;&#8221; rt_row_shadows=&#8221;&#8221; rt_row_paddings=&#8221;true&#8221; rt_row_borders=&#8221;&#8221; rt_bg_effect=&#8221;slider&#8221; rt_transparent_bg=&#8221;false&#8221; rt_bg_image_repeat=&#8221;repeat&#8221; rt_bg_size=&#8221;cover&#8221; rt_bg_position=&#8221;right top&#8221; rt_bg_layer=&#8221;&#8221; rt_bg_video_format=&#8221;self-hosted&#8221; rt_padding_top=&#8221;120&#8243; rt_padding_bottom=&#8221;100&#8243; rt_bg_color=&#8221;rgba(0,0,0,0.01)&#8221;][vc_column rt_col_paddings=&#8221;true&#8221; rt_wrp_col_paddings=&#8221;false&#8221; rt_column_shadow=&#8221;&#8221; rt_border_top=&#8221;&#8221; rt_border_bottom=&#8221;&#8221; rt_border_left=&#8221;&#8221; rt_border_right=&#8221;&#8221; rt_border_top_mobile=&#8221;&#8221; rt_border_bottom_mobile=&#8221;&#8221; rt_border_left_mobile=&#8221;&#8221; rt_border_right_mobile=&#8221;&#8221; rt_bg_image_repeat=&#8221;repeat&#8221; rt_bg_size=&#8221;auto auto&#8221; rt_bg_position=&#8221;right top&#8221; rt_bg_attachment=&#8221;scroll&#8221;][vc_single_image image=&#8221;7011&#8243; img_size=&#8221;full&#8221; alignment=&#8221;center&#8221;][vc_column_text el_class=&#8221;white-text&#8221;]We foster our compliance with the highest security and data protection standards in a responsible [&hellip;]<\/p>\n","protected":false},"author":1,"featured_media":0,"parent":0,"menu_order":0,"comment_status":"closed","ping_status":"closed","template":"","meta":{"footnotes":""},"class_list":["post-4391","page","type-page","status-publish","hentry"],"yoast_head":"<!-- This site is optimized with the Yoast SEO plugin v27.5 - https:\/\/yoast.com\/product\/yoast-seo-wordpress\/ -->\n<title>Operation Permits and Certificates - LODVILA<\/title>\n<meta name=\"robots\" content=\"index, follow, max-snippet:-1, max-image-preview:large, max-video-preview:-1\" \/>\n<link rel=\"canonical\" href=\"https:\/\/lodvila.lt\/en\/operation-permits-and-certificates\/\" \/>\n<meta property=\"og:locale\" content=\"en_US\" \/>\n<meta property=\"og:type\" content=\"article\" \/>\n<meta property=\"og:title\" content=\"Operation Permits and Certificates - LODVILA\" \/>\n<meta property=\"og:description\" content=\"[vc_row rt_row_background_width=&#8221;fullwidth&#8221; rt_row_content_width=&#8221;default&#8221; rt_row_style=&#8221;light-style&#8221; rt_row_height=&#8221;&#8221; rt_column_gaps=&#8221;&#8221; rt_row_shadows=&#8221;&#8221; rt_row_paddings=&#8221;true&#8221; rt_row_borders=&#8221;&#8221; rt_bg_effect=&#8221;slider&#8221; rt_transparent_bg=&#8221;false&#8221; rt_bg_image_repeat=&#8221;repeat&#8221; rt_bg_size=&#8221;cover&#8221; rt_bg_position=&#8221;right top&#8221; rt_bg_layer=&#8221;&#8221; rt_bg_video_format=&#8221;self-hosted&#8221; rt_padding_top=&#8221;120&#8243; rt_padding_bottom=&#8221;100&#8243; rt_bg_color=&#8221;rgba(0,0,0,0.01)&#8221;][vc_column rt_col_paddings=&#8221;true&#8221; rt_wrp_col_paddings=&#8221;false&#8221; rt_column_shadow=&#8221;&#8221; rt_border_top=&#8221;&#8221; rt_border_bottom=&#8221;&#8221; rt_border_left=&#8221;&#8221; rt_border_right=&#8221;&#8221; rt_border_top_mobile=&#8221;&#8221; rt_border_bottom_mobile=&#8221;&#8221; rt_border_left_mobile=&#8221;&#8221; rt_border_right_mobile=&#8221;&#8221; rt_bg_image_repeat=&#8221;repeat&#8221; rt_bg_size=&#8221;auto auto&#8221; rt_bg_position=&#8221;right top&#8221; rt_bg_attachment=&#8221;scroll&#8221;][vc_single_image image=&#8221;7011&#8243; img_size=&#8221;full&#8221; alignment=&#8221;center&#8221;][vc_column_text el_class=&#8221;white-text&#8221;]We foster our compliance with the highest security and data protection standards in a responsible [&hellip;]\" \/>\n<meta property=\"og:url\" content=\"https:\/\/lodvila.lt\/en\/operation-permits-and-certificates\/\" \/>\n<meta property=\"og:site_name\" content=\"LODVILA\" \/>\n<meta property=\"article:modified_time\" content=\"2025-08-12T14:30:26+00:00\" \/>\n<meta name=\"twitter:card\" content=\"summary_large_image\" \/>\n<meta name=\"twitter:label1\" content=\"Est. reading time\" \/>\n\t<meta name=\"twitter:data1\" content=\"3 minutes\" \/>\n<script type=\"application\/ld+json\" class=\"yoast-schema-graph\">{\"@context\":\"https:\\\/\\\/schema.org\",\"@graph\":[{\"@type\":\"WebPage\",\"@id\":\"https:\\\/\\\/lodvila.lt\\\/en\\\/operation-permits-and-certificates\\\/\",\"url\":\"https:\\\/\\\/lodvila.lt\\\/en\\\/operation-permits-and-certificates\\\/\",\"name\":\"Operation Permits and Certificates - LODVILA\",\"isPartOf\":{\"@id\":\"https:\\\/\\\/lodvila.lt\\\/#website\"},\"datePublished\":\"2016-11-15T01:08:14+00:00\",\"dateModified\":\"2025-08-12T14:30:26+00:00\",\"breadcrumb\":{\"@id\":\"https:\\\/\\\/lodvila.lt\\\/en\\\/operation-permits-and-certificates\\\/#breadcrumb\"},\"inLanguage\":\"en-US\",\"potentialAction\":[{\"@type\":\"ReadAction\",\"target\":[\"https:\\\/\\\/lodvila.lt\\\/en\\\/operation-permits-and-certificates\\\/\"]}]},{\"@type\":\"BreadcrumbList\",\"@id\":\"https:\\\/\\\/lodvila.lt\\\/en\\\/operation-permits-and-certificates\\\/#breadcrumb\",\"itemListElement\":[{\"@type\":\"ListItem\",\"position\":1,\"name\":\"Home\",\"item\":\"https:\\\/\\\/lodvila.lt\\\/en\\\/homie\\\/\"},{\"@type\":\"ListItem\",\"position\":2,\"name\":\"Operation Permits and Certificates\"}]},{\"@type\":\"WebSite\",\"@id\":\"https:\\\/\\\/lodvila.lt\\\/#website\",\"url\":\"https:\\\/\\\/lodvila.lt\\\/\",\"name\":\"LODVILA\",\"description\":\"25+ metus esame Baltijos \u0161ali\u0173 saugios spaudos lyderi\u0173 gretose. Pasitelkdami pa\u017eangiausias technologijas ir patyrusi\u0173 specialist\u0173 komand\u0105 gaminame auk\u0161\u010diausiu tarptautiniu lygiu apsaugotus dokumentus.\",\"publisher\":{\"@id\":\"https:\\\/\\\/lodvila.lt\\\/#organization\"},\"potentialAction\":[{\"@type\":\"SearchAction\",\"target\":{\"@type\":\"EntryPoint\",\"urlTemplate\":\"https:\\\/\\\/lodvila.lt\\\/?s={search_term_string}\"},\"query-input\":{\"@type\":\"PropertyValueSpecification\",\"valueRequired\":true,\"valueName\":\"search_term_string\"}}],\"inLanguage\":\"en-US\"},{\"@type\":\"Organization\",\"@id\":\"https:\\\/\\\/lodvila.lt\\\/#organization\",\"name\":\"LODVILA\",\"url\":\"https:\\\/\\\/lodvila.lt\\\/\",\"logo\":{\"@type\":\"ImageObject\",\"inLanguage\":\"en-US\",\"@id\":\"https:\\\/\\\/lodvila.lt\\\/#\\\/schema\\\/logo\\\/image\\\/\",\"url\":\"https:\\\/\\\/lodvila.lt\\\/wp-content\\\/uploads\\\/2022\\\/06\\\/LODVILA_logo-pilkas-01.jpg\",\"contentUrl\":\"https:\\\/\\\/lodvila.lt\\\/wp-content\\\/uploads\\\/2022\\\/06\\\/LODVILA_logo-pilkas-01.jpg\",\"width\":540,\"height\":541,\"caption\":\"LODVILA\"},\"image\":{\"@id\":\"https:\\\/\\\/lodvila.lt\\\/#\\\/schema\\\/logo\\\/image\\\/\"}}]}<\/script>\n<!-- \/ Yoast SEO plugin. -->","yoast_head_json":{"title":"Operation Permits and Certificates - LODVILA","robots":{"index":"index","follow":"follow","max-snippet":"max-snippet:-1","max-image-preview":"max-image-preview:large","max-video-preview":"max-video-preview:-1"},"canonical":"https:\/\/lodvila.lt\/en\/operation-permits-and-certificates\/","og_locale":"en_US","og_type":"article","og_title":"Operation Permits and Certificates - LODVILA","og_description":"[vc_row rt_row_background_width=&#8221;fullwidth&#8221; rt_row_content_width=&#8221;default&#8221; rt_row_style=&#8221;light-style&#8221; rt_row_height=&#8221;&#8221; rt_column_gaps=&#8221;&#8221; rt_row_shadows=&#8221;&#8221; rt_row_paddings=&#8221;true&#8221; rt_row_borders=&#8221;&#8221; rt_bg_effect=&#8221;slider&#8221; rt_transparent_bg=&#8221;false&#8221; rt_bg_image_repeat=&#8221;repeat&#8221; rt_bg_size=&#8221;cover&#8221; rt_bg_position=&#8221;right top&#8221; rt_bg_layer=&#8221;&#8221; rt_bg_video_format=&#8221;self-hosted&#8221; rt_padding_top=&#8221;120&#8243; rt_padding_bottom=&#8221;100&#8243; rt_bg_color=&#8221;rgba(0,0,0,0.01)&#8221;][vc_column rt_col_paddings=&#8221;true&#8221; rt_wrp_col_paddings=&#8221;false&#8221; rt_column_shadow=&#8221;&#8221; rt_border_top=&#8221;&#8221; rt_border_bottom=&#8221;&#8221; rt_border_left=&#8221;&#8221; rt_border_right=&#8221;&#8221; rt_border_top_mobile=&#8221;&#8221; rt_border_bottom_mobile=&#8221;&#8221; rt_border_left_mobile=&#8221;&#8221; rt_border_right_mobile=&#8221;&#8221; rt_bg_image_repeat=&#8221;repeat&#8221; rt_bg_size=&#8221;auto auto&#8221; rt_bg_position=&#8221;right top&#8221; rt_bg_attachment=&#8221;scroll&#8221;][vc_single_image image=&#8221;7011&#8243; img_size=&#8221;full&#8221; alignment=&#8221;center&#8221;][vc_column_text el_class=&#8221;white-text&#8221;]We foster our compliance with the highest security and data protection standards in a responsible [&hellip;]","og_url":"https:\/\/lodvila.lt\/en\/operation-permits-and-certificates\/","og_site_name":"LODVILA","article_modified_time":"2025-08-12T14:30:26+00:00","twitter_card":"summary_large_image","twitter_misc":{"Est. reading time":"3 minutes"},"schema":{"@context":"https:\/\/schema.org","@graph":[{"@type":"WebPage","@id":"https:\/\/lodvila.lt\/en\/operation-permits-and-certificates\/","url":"https:\/\/lodvila.lt\/en\/operation-permits-and-certificates\/","name":"Operation Permits and Certificates - LODVILA","isPartOf":{"@id":"https:\/\/lodvila.lt\/#website"},"datePublished":"2016-11-15T01:08:14+00:00","dateModified":"2025-08-12T14:30:26+00:00","breadcrumb":{"@id":"https:\/\/lodvila.lt\/en\/operation-permits-and-certificates\/#breadcrumb"},"inLanguage":"en-US","potentialAction":[{"@type":"ReadAction","target":["https:\/\/lodvila.lt\/en\/operation-permits-and-certificates\/"]}]},{"@type":"BreadcrumbList","@id":"https:\/\/lodvila.lt\/en\/operation-permits-and-certificates\/#breadcrumb","itemListElement":[{"@type":"ListItem","position":1,"name":"Home","item":"https:\/\/lodvila.lt\/en\/homie\/"},{"@type":"ListItem","position":2,"name":"Operation Permits and Certificates"}]},{"@type":"WebSite","@id":"https:\/\/lodvila.lt\/#website","url":"https:\/\/lodvila.lt\/","name":"LODVILA","description":"25+ metus esame Baltijos \u0161ali\u0173 saugios spaudos lyderi\u0173 gretose. Pasitelkdami pa\u017eangiausias technologijas ir patyrusi\u0173 specialist\u0173 komand\u0105 gaminame auk\u0161\u010diausiu tarptautiniu lygiu apsaugotus dokumentus.","publisher":{"@id":"https:\/\/lodvila.lt\/#organization"},"potentialAction":[{"@type":"SearchAction","target":{"@type":"EntryPoint","urlTemplate":"https:\/\/lodvila.lt\/?s={search_term_string}"},"query-input":{"@type":"PropertyValueSpecification","valueRequired":true,"valueName":"search_term_string"}}],"inLanguage":"en-US"},{"@type":"Organization","@id":"https:\/\/lodvila.lt\/#organization","name":"LODVILA","url":"https:\/\/lodvila.lt\/","logo":{"@type":"ImageObject","inLanguage":"en-US","@id":"https:\/\/lodvila.lt\/#\/schema\/logo\/image\/","url":"https:\/\/lodvila.lt\/wp-content\/uploads\/2022\/06\/LODVILA_logo-pilkas-01.jpg","contentUrl":"https:\/\/lodvila.lt\/wp-content\/uploads\/2022\/06\/LODVILA_logo-pilkas-01.jpg","width":540,"height":541,"caption":"LODVILA"},"image":{"@id":"https:\/\/lodvila.lt\/#\/schema\/logo\/image\/"}}]}},"_links":{"self":[{"href":"https:\/\/lodvila.lt\/en\/wp-json\/wp\/v2\/pages\/4391","targetHints":{"allow":["GET"]}}],"collection":[{"href":"https:\/\/lodvila.lt\/en\/wp-json\/wp\/v2\/pages"}],"about":[{"href":"https:\/\/lodvila.lt\/en\/wp-json\/wp\/v2\/types\/page"}],"author":[{"embeddable":true,"href":"https:\/\/lodvila.lt\/en\/wp-json\/wp\/v2\/users\/1"}],"replies":[{"embeddable":true,"href":"https:\/\/lodvila.lt\/en\/wp-json\/wp\/v2\/comments?post=4391"}],"version-history":[{"count":0,"href":"https:\/\/lodvila.lt\/en\/wp-json\/wp\/v2\/pages\/4391\/revisions"}],"wp:attachment":[{"href":"https:\/\/lodvila.lt\/en\/wp-json\/wp\/v2\/media?parent=4391"}],"curies":[{"name":"wp","href":"https:\/\/api.w.org\/{rel}","templated":true}]}}