{"id":4380,"date":"2022-06-28T11:22:29","date_gmt":"2022-06-28T08:22:29","guid":{"rendered":"https:\/\/www.lodvila.lt\/about-us\/"},"modified":"2026-04-20T14:45:47","modified_gmt":"2026-04-20T11:45:47","slug":"about-us","status":"publish","type":"page","link":"https:\/\/lodvila.lt\/en\/about-us\/","title":{"rendered":"About us"},"content":{"rendered":"<div class=\"wpb-content-wrapper\"><p>[vc_row rt_row_background_width=&#8221;fullwidth&#8221; rt_row_content_width=&#8221;default&#8221; rt_row_style=&#8221;default-style&#8221; rt_row_height=&#8221;&#8221; rt_column_gaps=&#8221;&#8221; rt_row_shadows=&#8221;&#8221; rt_row_paddings=&#8221;true&#8221; rt_row_borders=&#8221;&#8221; rt_bg_effect=&#8221;classic&#8221; rt_transparent_bg=&#8221;true&#8221; rt_bg_image_repeat=&#8221;repeat&#8221; rt_bg_size=&#8221;cover&#8221; rt_bg_position=&#8221;right top&#8221; rt_bg_attachment=&#8221;scroll&#8221; rt_bg_layer=&#8221;&#8221; rt_bg_video_format=&#8221;self-hosted&#8221; rt_padding_top=&#8221;80&#8243;][vc_column rt_col_paddings=&#8221;true&#8221; rt_wrp_col_paddings=&#8221;false&#8221; rt_column_shadow=&#8221;&#8221; rt_border_top=&#8221;&#8221; rt_border_bottom=&#8221;&#8221; rt_border_left=&#8221;&#8221; rt_border_right=&#8221;&#8221; rt_border_top_mobile=&#8221;&#8221; rt_border_bottom_mobile=&#8221;&#8221; rt_border_left_mobile=&#8221;&#8221; rt_border_right_mobile=&#8221;&#8221; rt_bg_image_repeat=&#8221;repeat&#8221; rt_bg_size=&#8221;auto auto&#8221; rt_bg_position=&#8221;right top&#8221; rt_bg_attachment=&#8221;scroll&#8221;][vc_column_text]For over 25 years, we have been among the leaders in secure printing in the Baltic States. By leveraging advanced technologies and a team of experienced specialists, we produce security documents protected to the highest international standards.<br \/>\nWe specialize in the production of secure document forms and provide individually tailored, comprehensive secure and commercial printing solutions, along with related services. [\/vc_column_text]<div class=\"rt_heading_wrapper\">\n\t\t\t\t\t\t<h2 class=\"rt_heading\"  style=\"color:#0a0a0a;margin-bottom:20px;\">We guarantee:<\/h2>\n\t\t\t\t\t<\/div>[vc_separator style=&#8221;style-2&#8243; color=&#8221;#7bb3b3&#8243; border_width=&#8221;4px&#8221; margin_top=&#8221;0&#8243; margin_bottom=&#8221;20px&#8221; width=&#8221;140px&#8221;][vc_column_text]<\/p>\n<div class=\"rt_heading_wrapper\"><p class=\"rt_heading\">Compliance with the standards of Intergraf, the European federation for print and digital communication, and the global market<\/p>\n<\/div>\n<div class=\"rt_heading_wrapper\"><p class=\"rt_heading\">Fast and efficient implementation<\/p>\n<\/div>\n<div class=\"rt_heading_wrapper\"><p class=\"rt_heading\">Absolute confidentiality<\/p>\n<\/div>\n<div class=\"rt_heading_wrapper\"><p class=\"rt_heading\">Close cooperation<\/p>\n<\/div>\n<div class=\"rt_heading_wrapper\"><p class=\"rt_heading\">Solutions tailored to your individual needs<\/p>\n<\/div>\n<div class=\"rt_heading_wrapper\"><p class=\"rt_heading\">All pre-press, press and post-press services from one source<\/p>\n<\/div>\n<p>[\/vc_column_text]<a  href=\"\/en\/contacts\/\" target=\"_self\" title=\"Contacts\" class=\"read_more  heading-font text small\">Contacts<\/a>[vc_empty_space][vc_column_text]<\/p>\n<p style=\"font-size: 17px; color: black;\">We are proud of our long-term partnership with various Lithuanian and foreign state authorities and different-size private companies that trust us. We supply the products of secure and commercial printing to the neighbouring Baltic States, Norway, Sweden, and Ireland. We plan to continue developing cooperation in European, Central Asian and other foreign markets.<\/p>\n<p>[\/vc_column_text][vc_row_inner rt_row_style=&#8221;global-style&#8221; rt_column_gaps=&#8221;&#8221; rt_row_paddings=&#8221;true&#8221; rt_bg_effect=&#8221;classic&#8221; rt_transparent_bg=&#8221;false&#8221; rt_bg_image_repeat=&#8221;repeat&#8221; rt_bg_size=&#8221;cover&#8221; rt_bg_position=&#8221;right top&#8221; rt_bg_attachment=&#8221;scroll&#8221; rt_bg_layer=&#8221;&#8221;][vc_column_inner rt_col_paddings=&#8221;true&#8221; rt_wrp_col_paddings=&#8221;false&#8221; rt_column_shadow=&#8221;&#8221; rt_border_top=&#8221;&#8221; rt_border_bottom=&#8221;&#8221; rt_border_left=&#8221;&#8221; rt_border_right=&#8221;&#8221; rt_border_top_mobile=&#8221;&#8221; rt_border_bottom_mobile=&#8221;&#8221; rt_border_left_mobile=&#8221;&#8221; rt_border_right_mobile=&#8221;&#8221; rt_bg_image_repeat=&#8221;repeat&#8221; rt_bg_size=&#8221;auto auto&#8221; rt_bg_position=&#8221;right top&#8221; rt_bg_attachment=&#8221;scroll&#8221;][\/vc_column_inner][\/vc_row_inner][vc_row_inner rt_row_style=&#8221;global-style&#8221; rt_column_gaps=&#8221;&#8221; rt_row_paddings=&#8221;true&#8221; rt_bg_effect=&#8221;classic&#8221; rt_transparent_bg=&#8221;false&#8221; rt_bg_image_repeat=&#8221;repeat&#8221; rt_bg_size=&#8221;cover&#8221; rt_bg_position=&#8221;right top&#8221; rt_bg_attachment=&#8221;scroll&#8221; rt_bg_layer=&#8221;&#8221;][vc_column_inner rt_col_paddings=&#8221;true&#8221; rt_wrp_col_paddings=&#8221;false&#8221; rt_column_shadow=&#8221;&#8221; rt_border_top=&#8221;&#8221; rt_border_bottom=&#8221;&#8221; rt_border_left=&#8221;&#8221; rt_border_right=&#8221;&#8221; rt_border_top_mobile=&#8221;&#8221; rt_border_bottom_mobile=&#8221;&#8221; rt_border_left_mobile=&#8221;&#8221; rt_border_right_mobile=&#8221;&#8221; rt_bg_image_repeat=&#8221;repeat&#8221; rt_bg_size=&#8221;auto auto&#8221; rt_bg_position=&#8221;right top&#8221; rt_bg_attachment=&#8221;scroll&#8221;][\/vc_column_inner][\/vc_row_inner][\/vc_column][\/vc_row]<\/p>\n<\/div>","protected":false},"excerpt":{"rendered":"<p>[vc_row rt_row_background_width=&#8221;fullwidth&#8221; rt_row_content_width=&#8221;default&#8221; rt_row_style=&#8221;default-style&#8221; rt_row_height=&#8221;&#8221; rt_column_gaps=&#8221;&#8221; rt_row_shadows=&#8221;&#8221; rt_row_paddings=&#8221;true&#8221; rt_row_borders=&#8221;&#8221; rt_bg_effect=&#8221;classic&#8221; rt_transparent_bg=&#8221;true&#8221; rt_bg_image_repeat=&#8221;repeat&#8221; rt_bg_size=&#8221;cover&#8221; rt_bg_position=&#8221;right top&#8221; rt_bg_attachment=&#8221;scroll&#8221; rt_bg_layer=&#8221;&#8221; rt_bg_video_format=&#8221;self-hosted&#8221; rt_padding_top=&#8221;80&#8243;][vc_column rt_col_paddings=&#8221;true&#8221; rt_wrp_col_paddings=&#8221;false&#8221; rt_column_shadow=&#8221;&#8221; rt_border_top=&#8221;&#8221; rt_border_bottom=&#8221;&#8221; rt_border_left=&#8221;&#8221; rt_border_right=&#8221;&#8221; rt_border_top_mobile=&#8221;&#8221; rt_border_bottom_mobile=&#8221;&#8221; rt_border_left_mobile=&#8221;&#8221; rt_border_right_mobile=&#8221;&#8221; rt_bg_image_repeat=&#8221;repeat&#8221; rt_bg_size=&#8221;auto auto&#8221; rt_bg_position=&#8221;right top&#8221; rt_bg_attachment=&#8221;scroll&#8221;][vc_column_text]For over 25 years, we have been among the leaders in secure printing in the Baltic States. By leveraging advanced [&hellip;]<\/p>\n","protected":false},"author":1,"featured_media":0,"parent":0,"menu_order":0,"comment_status":"closed","ping_status":"closed","template":"","meta":{"footnotes":""},"class_list":["post-4380","page","type-page","status-publish","hentry"],"yoast_head":"<!-- This site is optimized with the Yoast SEO plugin v27.5 - https:\/\/yoast.com\/product\/yoast-seo-wordpress\/ -->\n<title>About us - LODVILA<\/title>\n<meta name=\"robots\" content=\"index, follow, max-snippet:-1, max-image-preview:large, max-video-preview:-1\" \/>\n<link rel=\"canonical\" href=\"https:\/\/lodvila.lt\/en\/about-us\/\" \/>\n<meta property=\"og:locale\" content=\"en_US\" \/>\n<meta property=\"og:type\" content=\"article\" \/>\n<meta property=\"og:title\" content=\"About us - LODVILA\" \/>\n<meta property=\"og:description\" content=\"[vc_row rt_row_background_width=&#8221;fullwidth&#8221; rt_row_content_width=&#8221;default&#8221; rt_row_style=&#8221;default-style&#8221; rt_row_height=&#8221;&#8221; rt_column_gaps=&#8221;&#8221; rt_row_shadows=&#8221;&#8221; rt_row_paddings=&#8221;true&#8221; rt_row_borders=&#8221;&#8221; rt_bg_effect=&#8221;classic&#8221; rt_transparent_bg=&#8221;true&#8221; rt_bg_image_repeat=&#8221;repeat&#8221; rt_bg_size=&#8221;cover&#8221; rt_bg_position=&#8221;right top&#8221; rt_bg_attachment=&#8221;scroll&#8221; rt_bg_layer=&#8221;&#8221; rt_bg_video_format=&#8221;self-hosted&#8221; rt_padding_top=&#8221;80&#8243;][vc_column rt_col_paddings=&#8221;true&#8221; rt_wrp_col_paddings=&#8221;false&#8221; rt_column_shadow=&#8221;&#8221; rt_border_top=&#8221;&#8221; rt_border_bottom=&#8221;&#8221; rt_border_left=&#8221;&#8221; rt_border_right=&#8221;&#8221; rt_border_top_mobile=&#8221;&#8221; rt_border_bottom_mobile=&#8221;&#8221; rt_border_left_mobile=&#8221;&#8221; rt_border_right_mobile=&#8221;&#8221; rt_bg_image_repeat=&#8221;repeat&#8221; rt_bg_size=&#8221;auto auto&#8221; rt_bg_position=&#8221;right top&#8221; rt_bg_attachment=&#8221;scroll&#8221;][vc_column_text]For over 25 years, we have been among the leaders in secure printing in the Baltic States. By leveraging advanced [&hellip;]\" \/>\n<meta property=\"og:url\" content=\"https:\/\/lodvila.lt\/en\/about-us\/\" \/>\n<meta property=\"og:site_name\" content=\"LODVILA\" \/>\n<meta property=\"article:modified_time\" content=\"2026-04-20T11:45:47+00:00\" \/>\n<meta name=\"twitter:card\" content=\"summary_large_image\" \/>\n<meta name=\"twitter:label1\" content=\"Est. reading time\" \/>\n\t<meta name=\"twitter:data1\" content=\"2 minutes\" \/>\n<script type=\"application\/ld+json\" class=\"yoast-schema-graph\">{\"@context\":\"https:\\\/\\\/schema.org\",\"@graph\":[{\"@type\":\"WebPage\",\"@id\":\"https:\\\/\\\/lodvila.lt\\\/en\\\/about-us\\\/\",\"url\":\"https:\\\/\\\/lodvila.lt\\\/en\\\/about-us\\\/\",\"name\":\"About us - LODVILA\",\"isPartOf\":{\"@id\":\"https:\\\/\\\/lodvila.lt\\\/#website\"},\"datePublished\":\"2022-06-28T08:22:29+00:00\",\"dateModified\":\"2026-04-20T11:45:47+00:00\",\"breadcrumb\":{\"@id\":\"https:\\\/\\\/lodvila.lt\\\/en\\\/about-us\\\/#breadcrumb\"},\"inLanguage\":\"en-US\",\"potentialAction\":[{\"@type\":\"ReadAction\",\"target\":[\"https:\\\/\\\/lodvila.lt\\\/en\\\/about-us\\\/\"]}]},{\"@type\":\"BreadcrumbList\",\"@id\":\"https:\\\/\\\/lodvila.lt\\\/en\\\/about-us\\\/#breadcrumb\",\"itemListElement\":[{\"@type\":\"ListItem\",\"position\":1,\"name\":\"Home\",\"item\":\"https:\\\/\\\/lodvila.lt\\\/en\\\/homie\\\/\"},{\"@type\":\"ListItem\",\"position\":2,\"name\":\"About us\"}]},{\"@type\":\"WebSite\",\"@id\":\"https:\\\/\\\/lodvila.lt\\\/#website\",\"url\":\"https:\\\/\\\/lodvila.lt\\\/\",\"name\":\"LODVILA\",\"description\":\"25+ metus esame Baltijos \u0161ali\u0173 saugios spaudos lyderi\u0173 gretose. Pasitelkdami pa\u017eangiausias technologijas ir patyrusi\u0173 specialist\u0173 komand\u0105 gaminame auk\u0161\u010diausiu tarptautiniu lygiu apsaugotus dokumentus.\",\"publisher\":{\"@id\":\"https:\\\/\\\/lodvila.lt\\\/#organization\"},\"potentialAction\":[{\"@type\":\"SearchAction\",\"target\":{\"@type\":\"EntryPoint\",\"urlTemplate\":\"https:\\\/\\\/lodvila.lt\\\/?s={search_term_string}\"},\"query-input\":{\"@type\":\"PropertyValueSpecification\",\"valueRequired\":true,\"valueName\":\"search_term_string\"}}],\"inLanguage\":\"en-US\"},{\"@type\":\"Organization\",\"@id\":\"https:\\\/\\\/lodvila.lt\\\/#organization\",\"name\":\"LODVILA\",\"url\":\"https:\\\/\\\/lodvila.lt\\\/\",\"logo\":{\"@type\":\"ImageObject\",\"inLanguage\":\"en-US\",\"@id\":\"https:\\\/\\\/lodvila.lt\\\/#\\\/schema\\\/logo\\\/image\\\/\",\"url\":\"https:\\\/\\\/lodvila.lt\\\/wp-content\\\/uploads\\\/2022\\\/06\\\/LODVILA_logo-pilkas-01.jpg\",\"contentUrl\":\"https:\\\/\\\/lodvila.lt\\\/wp-content\\\/uploads\\\/2022\\\/06\\\/LODVILA_logo-pilkas-01.jpg\",\"width\":540,\"height\":541,\"caption\":\"LODVILA\"},\"image\":{\"@id\":\"https:\\\/\\\/lodvila.lt\\\/#\\\/schema\\\/logo\\\/image\\\/\"}}]}<\/script>\n<!-- \/ Yoast SEO plugin. -->","yoast_head_json":{"title":"About us - LODVILA","robots":{"index":"index","follow":"follow","max-snippet":"max-snippet:-1","max-image-preview":"max-image-preview:large","max-video-preview":"max-video-preview:-1"},"canonical":"https:\/\/lodvila.lt\/en\/about-us\/","og_locale":"en_US","og_type":"article","og_title":"About us - LODVILA","og_description":"[vc_row rt_row_background_width=&#8221;fullwidth&#8221; rt_row_content_width=&#8221;default&#8221; rt_row_style=&#8221;default-style&#8221; rt_row_height=&#8221;&#8221; rt_column_gaps=&#8221;&#8221; rt_row_shadows=&#8221;&#8221; rt_row_paddings=&#8221;true&#8221; rt_row_borders=&#8221;&#8221; rt_bg_effect=&#8221;classic&#8221; rt_transparent_bg=&#8221;true&#8221; rt_bg_image_repeat=&#8221;repeat&#8221; rt_bg_size=&#8221;cover&#8221; rt_bg_position=&#8221;right top&#8221; rt_bg_attachment=&#8221;scroll&#8221; rt_bg_layer=&#8221;&#8221; rt_bg_video_format=&#8221;self-hosted&#8221; rt_padding_top=&#8221;80&#8243;][vc_column rt_col_paddings=&#8221;true&#8221; rt_wrp_col_paddings=&#8221;false&#8221; rt_column_shadow=&#8221;&#8221; rt_border_top=&#8221;&#8221; rt_border_bottom=&#8221;&#8221; rt_border_left=&#8221;&#8221; rt_border_right=&#8221;&#8221; rt_border_top_mobile=&#8221;&#8221; rt_border_bottom_mobile=&#8221;&#8221; rt_border_left_mobile=&#8221;&#8221; rt_border_right_mobile=&#8221;&#8221; rt_bg_image_repeat=&#8221;repeat&#8221; rt_bg_size=&#8221;auto auto&#8221; rt_bg_position=&#8221;right top&#8221; rt_bg_attachment=&#8221;scroll&#8221;][vc_column_text]For over 25 years, we have been among the leaders in secure printing in the Baltic States. By leveraging advanced [&hellip;]","og_url":"https:\/\/lodvila.lt\/en\/about-us\/","og_site_name":"LODVILA","article_modified_time":"2026-04-20T11:45:47+00:00","twitter_card":"summary_large_image","twitter_misc":{"Est. reading time":"2 minutes"},"schema":{"@context":"https:\/\/schema.org","@graph":[{"@type":"WebPage","@id":"https:\/\/lodvila.lt\/en\/about-us\/","url":"https:\/\/lodvila.lt\/en\/about-us\/","name":"About us - LODVILA","isPartOf":{"@id":"https:\/\/lodvila.lt\/#website"},"datePublished":"2022-06-28T08:22:29+00:00","dateModified":"2026-04-20T11:45:47+00:00","breadcrumb":{"@id":"https:\/\/lodvila.lt\/en\/about-us\/#breadcrumb"},"inLanguage":"en-US","potentialAction":[{"@type":"ReadAction","target":["https:\/\/lodvila.lt\/en\/about-us\/"]}]},{"@type":"BreadcrumbList","@id":"https:\/\/lodvila.lt\/en\/about-us\/#breadcrumb","itemListElement":[{"@type":"ListItem","position":1,"name":"Home","item":"https:\/\/lodvila.lt\/en\/homie\/"},{"@type":"ListItem","position":2,"name":"About us"}]},{"@type":"WebSite","@id":"https:\/\/lodvila.lt\/#website","url":"https:\/\/lodvila.lt\/","name":"LODVILA","description":"25+ metus esame Baltijos \u0161ali\u0173 saugios spaudos lyderi\u0173 gretose. Pasitelkdami pa\u017eangiausias technologijas ir patyrusi\u0173 specialist\u0173 komand\u0105 gaminame auk\u0161\u010diausiu tarptautiniu lygiu apsaugotus dokumentus.","publisher":{"@id":"https:\/\/lodvila.lt\/#organization"},"potentialAction":[{"@type":"SearchAction","target":{"@type":"EntryPoint","urlTemplate":"https:\/\/lodvila.lt\/?s={search_term_string}"},"query-input":{"@type":"PropertyValueSpecification","valueRequired":true,"valueName":"search_term_string"}}],"inLanguage":"en-US"},{"@type":"Organization","@id":"https:\/\/lodvila.lt\/#organization","name":"LODVILA","url":"https:\/\/lodvila.lt\/","logo":{"@type":"ImageObject","inLanguage":"en-US","@id":"https:\/\/lodvila.lt\/#\/schema\/logo\/image\/","url":"https:\/\/lodvila.lt\/wp-content\/uploads\/2022\/06\/LODVILA_logo-pilkas-01.jpg","contentUrl":"https:\/\/lodvila.lt\/wp-content\/uploads\/2022\/06\/LODVILA_logo-pilkas-01.jpg","width":540,"height":541,"caption":"LODVILA"},"image":{"@id":"https:\/\/lodvila.lt\/#\/schema\/logo\/image\/"}}]}},"_links":{"self":[{"href":"https:\/\/lodvila.lt\/en\/wp-json\/wp\/v2\/pages\/4380","targetHints":{"allow":["GET"]}}],"collection":[{"href":"https:\/\/lodvila.lt\/en\/wp-json\/wp\/v2\/pages"}],"about":[{"href":"https:\/\/lodvila.lt\/en\/wp-json\/wp\/v2\/types\/page"}],"author":[{"embeddable":true,"href":"https:\/\/lodvila.lt\/en\/wp-json\/wp\/v2\/users\/1"}],"replies":[{"embeddable":true,"href":"https:\/\/lodvila.lt\/en\/wp-json\/wp\/v2\/comments?post=4380"}],"version-history":[{"count":5,"href":"https:\/\/lodvila.lt\/en\/wp-json\/wp\/v2\/pages\/4380\/revisions"}],"predecessor-version":[{"id":7108,"href":"https:\/\/lodvila.lt\/en\/wp-json\/wp\/v2\/pages\/4380\/revisions\/7108"}],"wp:attachment":[{"href":"https:\/\/lodvila.lt\/en\/wp-json\/wp\/v2\/media?parent=4380"}],"curies":[{"name":"wp","href":"https:\/\/api.w.org\/{rel}","templated":true}]}}